{"id":11,"date":"2024-02-01T15:35:05","date_gmt":"2024-02-01T18:35:05","guid":{"rendered":"https:\/\/insulfilm.iconeideias.com.br\/glossarioinsulfilm\/?page_id=11"},"modified":"2024-08-22T21:44:11","modified_gmt":"2024-08-23T00:44:11","slug":"icone","status":"publish","type":"page","link":"https:\/\/insulfilm.iconeideias.com.br\/glossarioinsulfilm\/","title":{"rendered":"Gloss\u00e1rio \u00cdCONE"},"content":{"rendered":"\n","protected":false},"excerpt":{"rendered":"","protected":false},"author":1,"featured_media":55,"parent":0,"menu_order":0,"comment_status":"closed","ping_status":"closed","template":"template-page-glossario.php","meta":{"_seopress_robots_primary_cat":"0","_seopress_titles_title":"Gloss\u00e1rio do Insulfilm | Tudo sobre Pel\u00edculas e Insulfilm","_seopress_titles_desc":"Venha descobrir curiosidades e insforma\u00e7\u00f5es t\u00e9cnicas sobre Insulfilm Fum\u00ea, Arquitet\u00f4nico, Profissional, Tintado, G5, G30, G20, G70, Espelhado.","_seopress_robots_index":"","footnotes":""},"class_list":["post-11","page","type-page","status-publish","has-post-thumbnail","hentry"],"_links":{"self":[{"href":"https:\/\/insulfilm.iconeideias.com.br\/glossarioinsulfilm\/wp-json\/wp\/v2\/pages\/11","targetHints":{"allow":["GET"]}}],"collection":[{"href":"https:\/\/insulfilm.iconeideias.com.br\/glossarioinsulfilm\/wp-json\/wp\/v2\/pages"}],"about":[{"href":"https:\/\/insulfilm.iconeideias.com.br\/glossarioinsulfilm\/wp-json\/wp\/v2\/types\/page"}],"author":[{"embeddable":true,"href":"https:\/\/insulfilm.iconeideias.com.br\/glossarioinsulfilm\/wp-json\/wp\/v2\/users\/1"}],"replies":[{"embeddable":true,"href":"https:\/\/insulfilm.iconeideias.com.br\/glossarioinsulfilm\/wp-json\/wp\/v2\/comments?post=11"}],"version-history":[{"count":2,"href":"https:\/\/insulfilm.iconeideias.com.br\/glossarioinsulfilm\/wp-json\/wp\/v2\/pages\/11\/revisions"}],"predecessor-version":[{"id":843,"href":"https:\/\/insulfilm.iconeideias.com.br\/glossarioinsulfilm\/wp-json\/wp\/v2\/pages\/11\/revisions\/843"}],"wp:featuredmedia":[{"embeddable":true,"href":"https:\/\/insulfilm.iconeideias.com.br\/glossarioinsulfilm\/wp-json\/wp\/v2\/media\/55"}],"wp:attachment":[{"href":"https:\/\/insulfilm.iconeideias.com.br\/glossarioinsulfilm\/wp-json\/wp\/v2\/media?parent=11"}],"curies":[{"name":"wp","href":"https:\/\/api.w.org\/{rel}","templated":true}]}}